{"id":835,"date":"2016-08-02T18:27:12","date_gmt":"2016-08-02T18:27:12","guid":{"rendered":"http:\/\/cerdanportoles.com\/?page_id=835"},"modified":"2016-10-02T09:14:14","modified_gmt":"2016-10-02T09:14:14","slug":"online-shop","status":"publish","type":"page","link":"http:\/\/cerdanportoles.com\/de\/online-shop\/","title":{"rendered":"Online Shop"},"content":{"rendered":"<div id=\"pl-835\"  class=\"panel-layout\" ><div id=\"pg-835-0\"  class=\"panel-grid panel-has-style\" ><div class=\"panel-row-style panel-row-style-for-835-0\" ><div id=\"pgc-835-0-0\"  class=\"panel-grid-cell\" ><div id=\"panel-835-0-0-0\" class=\"so-panel widget widget_sow-editor panel-first-child panel-last-child\" data-index=\"0\" ><div class=\"so-widget-sow-editor so-widget-sow-editor-base\">\n<div class=\"siteorigin-widget-tinymce textwidget\">\n\t<p>Wir arbeiten derzeit an unserem Online-Shop.<\/p>\n<p>Bald wird er verf\u00fcgbar sein!<\/p>\n<p><span class=\"s1\">Sie k\u00f6nnen gerne Auftr\u00e4ge per Mail:\u00a0<a href=\"mailto:info@cerdanportoles.com\"><span class=\"s2\">info@cerdanportoles.com<\/span><\/a>\u00a0bei uns aufgeben.<\/span><\/p>\n<\/div>\n<\/div><\/div><\/div><\/div><\/div><\/div>","protected":false},"excerpt":{"rendered":"<p>Wir arbeiten derzeit an unserem Online-Shop. Bald wird er verf\u00fcgbar sein! Sie k\u00f6nnen gerne Auftr\u00e4ge per Mail:\u00a0info@cerdanportoles.com\u00a0bei uns aufgeben.<\/p>\n","protected":false},"author":1,"featured_media":0,"parent":0,"menu_order":0,"comment_status":"closed","ping_status":"closed","template":"","meta":[],"_links":{"self":[{"href":"http:\/\/cerdanportoles.com\/de\/wp-json\/wp\/v2\/pages\/835"}],"collection":[{"href":"http:\/\/cerdanportoles.com\/de\/wp-json\/wp\/v2\/pages"}],"about":[{"href":"http:\/\/cerdanportoles.com\/de\/wp-json\/wp\/v2\/types\/page"}],"author":[{"embeddable":true,"href":"http:\/\/cerdanportoles.com\/de\/wp-json\/wp\/v2\/users\/1"}],"replies":[{"embeddable":true,"href":"http:\/\/cerdanportoles.com\/de\/wp-json\/wp\/v2\/comments?post=835"}],"version-history":[{"count":4,"href":"http:\/\/cerdanportoles.com\/de\/wp-json\/wp\/v2\/pages\/835\/revisions"}],"predecessor-version":[{"id":960,"href":"http:\/\/cerdanportoles.com\/de\/wp-json\/wp\/v2\/pages\/835\/revisions\/960"}],"wp:attachment":[{"href":"http:\/\/cerdanportoles.com\/de\/wp-json\/wp\/v2\/media?parent=835"}],"curies":[{"name":"wp","href":"https:\/\/api.w.org\/{rel}","templated":true}]}}