{"id":821,"date":"2016-08-02T18:13:08","date_gmt":"2016-08-02T18:13:08","guid":{"rendered":"http:\/\/cerdanportoles.com\/en\/?page_id=821"},"modified":"2016-08-02T18:13:08","modified_gmt":"2016-08-02T18:13:08","slug":"history","status":"publish","type":"page","link":"http:\/\/cerdanportoles.com\/en\/history\/","title":{"rendered":"History"},"content":{"rendered":"<div id=\"pl-821\"  class=\"panel-layout\" ><div id=\"pg-821-0\"  class=\"panel-grid panel-has-style\" ><div class=\"panel-row-style panel-row-style-for-821-0\" ><div id=\"pgc-821-0-0\"  class=\"panel-grid-cell\" ><div id=\"panel-821-0-0-0\" class=\"so-panel widget widget_sow-video panel-first-child panel-last-child\" data-index=\"0\" ><div class=\"panel-widget-style panel-widget-style-for-821-0-0-0\" ><div class=\"so-widget-sow-video so-widget-sow-video-base\">\n<div class=\"sow-video-wrapper\">\n\t\t<iframe title=\"Gonzalo Cerd\u00e1n Portol\u00e9s\" width=\"640\" height=\"360\" src=\"https:\/\/www.youtube.com\/embed\/VClA3cspTbQ?feature=oembed\" frameborder=\"0\" allow=\"accelerometer; autoplay; clipboard-write; encrypted-media; gyroscope; picture-in-picture; web-share\" referrerpolicy=\"strict-origin-when-cross-origin\" allowfullscreen><\/iframe>\t<\/div>\n<\/div><\/div><\/div><\/div><\/div><\/div><div id=\"pg-821-1\"  class=\"panel-grid panel-no-style\" ><div id=\"pgc-821-1-0\"  class=\"panel-grid-cell\" ><div id=\"panel-821-1-0-0\" class=\"so-panel widget widget_sow-editor panel-first-child\" data-index=\"1\" ><div class=\"so-widget-sow-editor so-widget-sow-editor-base\">\n<div class=\"siteorigin-widget-tinymce textwidget\">\n\t<h4 style=\"text-align: center;\"><span style=\"font-weight: 400;\"><span style=\"color: #404040;\">History<\/span><\/span><\/h4>\n<\/div>\n<\/div><\/div><div id=\"panel-821-1-0-1\" class=\"so-panel widget widget_sow-editor\" data-index=\"2\" ><div class=\"mobileBlock panel-widget-style panel-widget-style-for-821-1-0-1\" ><div class=\"so-widget-sow-editor so-widget-sow-editor-base\">\n<div class=\"siteorigin-widget-tinymce textwidget\">\n\t<p style=\"text-align: center;\">After more than <strong>100 years of history<\/strong> we can proudly say that currently the<strong> fifth generation<\/strong> <br \/>of the same family keeps on producing, with the same enthusiasm as on the first day, \u00a0an exquisite extra virgin olive oil.<\/p>\n<p style=\"text-align: center;\">Gozalo Cerd\u00e1n Portol\u00e9s, of <strong>89 years<\/strong> of age, is still leading the management of the oil mill advising <br \/>his children and grandchildren \u00a0in regards of the production process.<\/p>\n<p style=\"text-align: center;\">\u00a0<\/p>\n<\/div>\n<\/div><\/div><\/div><div id=\"panel-821-1-0-2\" class=\"so-panel widget widget_sow-editor panel-last-child\" data-index=\"3\" ><div class=\"so-widget-sow-editor so-widget-sow-editor-base\">\n<div class=\"siteorigin-widget-tinymce textwidget\">\n\t<div class=\"zoomtimeline mode-yearslist auto-init\" data-options='{}'>\n        <!-- zoomtime line items START -->\n        <div class=\"items\"><div class=\"ztm-item \" data-image=\"http:\/\/cerdanportoles.com\/wp-content\/uploads\/2016\/04\/1910_1-Kopie.jpg\"><div class=\"hex-desc-con\">\n        <div class=\"hex-desc\">1897<\/div>\n    <\/div>\n\n    <div class=\"ztm-content\">\n        <h3 class=\"the-heading\">1897<\/h3>\n        <p>Isidro Portol\u00e9s Abella (first generation) founds the oil mill in Fresneda (Arag\u00f3n, Teruel), traditionally an area of great  olive production.<p class=\"thumbs-gallery-con\"><a href=\"http:\/\/cerdanportoles.com\/wp-content\/uploads\/2016\/04\/1910_1-Kopie.jpg\" data-biggallery=\"gal884\" class=\"zoombox thumb-smoothie\" style=\"background-image: url(http:\/\/cerdanportoles.com\/wp-content\/uploads\/2016\/04\/1910_1-Kopie-150x150.jpg);\"><\/a><\/p><\/p>\n    <\/div>\n\n<\/div><div class=\"ztm-item \" data-image=\"http:\/\/cerdanportoles.com\/wp-content\/uploads\/2016\/04\/1910_1_L.jpg\"><div class=\"hex-desc-con\">\n        <div class=\"hex-desc\">1910<\/div>\n    <\/div>\n\n    <div class=\"ztm-content\">\n        <h3 class=\"the-heading\">1910<\/h3>\n        <p>In the Fort\u00fan guides of the beginning of the 20th century you can find Isidro Portol\u00e9s as manufacturer of one of the seven oil mills that existed at that time.<p class=\"thumbs-gallery-con\"><a href=\"http:\/\/cerdanportoles.com\/wp-content\/uploads\/2016\/04\/1910_1_L.jpg\" data-biggallery=\"gal891\" class=\"zoombox thumb-smoothie\" style=\"background-image: url(http:\/\/cerdanportoles.com\/wp-content\/uploads\/2016\/04\/1910_1_L-150x150.jpg);\"><\/a><a href=\"http:\/\/cerdanportoles.com\/wp-content\/uploads\/2016\/04\/1910_2-1.jpg\" data-biggallery=\"gal891\" class=\"zoombox thumb-smoothie\" style=\"background-image: url(http:\/\/cerdanportoles.com\/wp-content\/uploads\/2016\/04\/1910_2-1-150x150.jpg);\"><\/a><\/p><\/p>\n    <\/div>\n\n<\/div><div class=\"ztm-item \" data-image=\"http:\/\/cerdanportoles.com\/wp-content\/uploads\/2016\/04\/1926-1-e1475490888200.jpg\"><div class=\"hex-desc-con\">\n        <div class=\"hex-desc\">1926<\/div>\n    <\/div>\n\n    <div class=\"ztm-content\">\n        <h3 class=\"the-heading\">1926<\/h3>\n        <p>Isidro Portol\u00e9s moves the oil mill to Almonacid de la Sierra where his daughter Pilar Portol\u00e9s (second generation) and his son-in-law Le\u00f3n Cerd\u00e1n (who will later on acquire the ownership of the company)  were living.<p class=\"thumbs-gallery-con\"><a href=\"http:\/\/cerdanportoles.com\/wp-content\/uploads\/2016\/04\/1926-1-e1475490888200.jpg\" data-biggallery=\"gal893\" class=\"zoombox thumb-smoothie\" style=\"background-image: url(http:\/\/cerdanportoles.com\/wp-content\/uploads\/2016\/04\/1926-1-150x150.jpg);\"><\/a><\/p><\/p>\n    <\/div>\n\n<\/div><div class=\"ztm-item \" data-image=\"http:\/\/cerdanportoles.com\/wp-content\/uploads\/2016\/04\/1938_Kopie.jpg\"><div class=\"hex-desc-con\">\n        <div class=\"hex-desc\">1938<\/div>\n    <\/div>\n\n    <div class=\"ztm-content\">\n        <h3 class=\"the-heading\">1938<\/h3>\n        <p>Le\u00f3n Cerd\u00e1n dies during the Spanish Civil War and his wife Pilar Portol\u00e9s is now in charge of the oil mail.<p class=\"thumbs-gallery-con\"><a href=\"http:\/\/cerdanportoles.com\/wp-content\/uploads\/2016\/04\/1938_Kopie.jpg\" data-biggallery=\"gal895\" class=\"zoombox thumb-smoothie\" style=\"background-image: url(http:\/\/cerdanportoles.com\/wp-content\/uploads\/2016\/04\/1938_Kopie-150x150.jpg);\"><\/a><\/p><\/p>\n    <\/div>\n\n<\/div><div class=\"ztm-item \" data-image=\"http:\/\/cerdanportoles.com\/wp-content\/uploads\/2016\/04\/1945_0.jpeg\"><div class=\"hex-desc-con\">\n        <div class=\"hex-desc\">1945<\/div>\n    <\/div>\n\n    <div class=\"ztm-content\">\n        <h3 class=\"the-heading\">1945<\/h3>\n        <p>Pilar Portol\u00e9s gives her son Gonzalo Cerd\u00e1n Portol\u00e9s (third generation) the ownership of the olive mill.<p class=\"thumbs-gallery-con\"><a href=\"http:\/\/cerdanportoles.com\/wp-content\/uploads\/2016\/04\/1945_0.jpeg\" data-biggallery=\"gal897\" class=\"zoombox thumb-smoothie\" style=\"background-image: url(http:\/\/cerdanportoles.com\/wp-content\/uploads\/2016\/04\/1945_0-150x150.jpeg);\"><\/a><a href=\"http:\/\/cerdanportoles.com\/wp-content\/uploads\/2016\/04\/1945_2.jpeg\" data-biggallery=\"gal897\" class=\"zoombox thumb-smoothie\" style=\"background-image: url(http:\/\/cerdanportoles.com\/wp-content\/uploads\/2016\/04\/1945_2-150x150.jpeg);\"><\/a><a href=\"http:\/\/cerdanportoles.com\/wp-content\/uploads\/2016\/04\/1945_1.jpeg\" data-biggallery=\"gal897\" class=\"zoombox thumb-smoothie\" style=\"background-image: url(http:\/\/cerdanportoles.com\/wp-content\/uploads\/2016\/04\/1945_1-150x150.jpeg);\"><\/a><a href=\"http:\/\/cerdanportoles.com\/wp-content\/uploads\/2016\/04\/1945_3.jpeg\" data-biggallery=\"gal897\" class=\"zoombox thumb-smoothie\" style=\"background-image: url(http:\/\/cerdanportoles.com\/wp-content\/uploads\/2016\/04\/1945_3-150x150.jpeg);\"><\/a><\/p><\/p>\n    <\/div>\n\n<\/div><div class=\"ztm-item \" data-image=\"http:\/\/cerdanportoles.com\/wp-content\/uploads\/2016\/04\/1988.jpeg\"><div class=\"hex-desc-con\">\n        <div class=\"hex-desc\">1988<\/div>\n    <\/div>\n\n    <div class=\"ztm-content\">\n        <h3 class=\"the-heading\">1988<\/h3>\n        <p>Gonzalo Cerd\u00e1n Portol\u00e9s creates the company MORACERDAN S.A. and names his daughter Pilar Cerd\u00e1n Franc\u00e9s (fourth generation) sole administrator.\r\n&nbsp;\r\nThe name MORACERDAN comes from the combination of the surnames Morat\u00f3 and Cerd\u00e1n, which belong to the fifth generation of this family company.<p class=\"thumbs-gallery-con\"><a href=\"http:\/\/cerdanportoles.com\/wp-content\/uploads\/2016\/04\/1988.jpeg\" data-biggallery=\"gal899\" class=\"zoombox thumb-smoothie\" style=\"background-image: url(http:\/\/cerdanportoles.com\/wp-content\/uploads\/2016\/04\/1988-150x150.jpeg);\"><\/a><\/p><\/p>\n    <\/div>\n\n<\/div><div class=\"ztm-item \" data-image=\"http:\/\/cerdanportoles.com\/wp-content\/uploads\/2016\/04\/Facebook_Profile-picture_2.png\"><div class=\"hex-desc-con\">\n        <div class=\"hex-desc\">2016<\/div>\n    <\/div>\n\n    <div class=\"ztm-content\">\n        <h3 class=\"the-heading\">2016<\/h3>\n        <p>The exportation activity of our extra virgin olive oil starts under the brand \u201cCerd\u00e1n Portol\u00e9s\u201d.<p class=\"thumbs-gallery-con\"><a href=\"http:\/\/cerdanportoles.com\/wp-content\/uploads\/2016\/04\/Facebook_Profile-picture_2.png\" data-biggallery=\"gal901\" class=\"zoombox thumb-smoothie\" style=\"background-image: url(http:\/\/cerdanportoles.com\/wp-content\/uploads\/2016\/04\/Facebook_Profile-picture_2-150x150.png);\"><\/a><\/p><\/p>\n    <\/div>\n\n<\/div><\/div>\n        <!-- zoomtime line items END -->\n    <\/div><\/div>\n<\/div><\/div><\/div><\/div><\/div>","protected":false},"excerpt":{"rendered":"<p>History After more than 100 years of history we can proudly say that currently the fifth generation of the same family keeps on producing, with the same enthusiasm as on the first day, \u00a0an exquisite extra virgin olive oil.Gozalo Cerd\u00e1n Portol\u00e9s, of 89 years of age, is still leading the management of the oil mill [&hellip;]<\/p>\n","protected":false},"author":1,"featured_media":0,"parent":0,"menu_order":0,"comment_status":"closed","ping_status":"closed","template":"page-historie.php","meta":[],"_links":{"self":[{"href":"http:\/\/cerdanportoles.com\/en\/wp-json\/wp\/v2\/pages\/821"}],"collection":[{"href":"http:\/\/cerdanportoles.com\/en\/wp-json\/wp\/v2\/pages"}],"about":[{"href":"http:\/\/cerdanportoles.com\/en\/wp-json\/wp\/v2\/types\/page"}],"author":[{"embeddable":true,"href":"http:\/\/cerdanportoles.com\/en\/wp-json\/wp\/v2\/users\/1"}],"replies":[{"embeddable":true,"href":"http:\/\/cerdanportoles.com\/en\/wp-json\/wp\/v2\/comments?post=821"}],"version-history":[{"count":1,"href":"http:\/\/cerdanportoles.com\/en\/wp-json\/wp\/v2\/pages\/821\/revisions"}],"predecessor-version":[{"id":827,"href":"http:\/\/cerdanportoles.com\/en\/wp-json\/wp\/v2\/pages\/821\/revisions\/827"}],"wp:attachment":[{"href":"http:\/\/cerdanportoles.com\/en\/wp-json\/wp\/v2\/media?parent=821"}],"curies":[{"name":"wp","href":"https:\/\/api.w.org\/{rel}","templated":true}]}}