{"id":846,"date":"2016-08-02T18:42:20","date_gmt":"2016-08-02T18:42:20","guid":{"rendered":"http:\/\/cerdanportoles.com\/en\/?page_id=846"},"modified":"2017-04-19T09:04:52","modified_gmt":"2017-04-19T09:04:52","slug":"our-oil","status":"publish","type":"page","link":"http:\/\/cerdanportoles.com\/en\/our-oil\/","title":{"rendered":"Our Oil"},"content":{"rendered":"<div id=\"pl-846\"  class=\"panel-layout\" ><div id=\"pg-846-0\"  class=\"panel-grid panel-no-style\" ><div id=\"pgc-846-0-0\"  class=\"panel-grid-cell\" ><div id=\"panel-846-0-0-0\" class=\"so-panel widget widget_sow-hero panel-first-child panel-last-child\" data-index=\"0\" ><div class=\"panel-widget-style panel-widget-style-for-846-0-0-0\" ><div class=\"so-widget-sow-hero so-widget-sow-hero-default-8af89025abf3 so-widget-fittext-wrapper\" data-fit-text-compressor=\"0.85\"><div class=\"sow-slider-base \" style=\"display: none\"><ul class=\"sow-slider-images\" data-settings=\"{&quot;pagination&quot;:true,&quot;speed&quot;:800,&quot;timeout&quot;:8000,&quot;paused&quot;:false,&quot;pause_on_hover&quot;:false,&quot;swipe&quot;:true,&quot;nav_always_show_mobile&quot;:&quot;&quot;,&quot;breakpoint&quot;:&quot;780px&quot;}\">\t\t<li class=\"sow-slider-image  sow-slider-image-cover\" style=\"background-color: #333333;background-image: url(http:\/\/cerdanportoles.com\/wp-content\/uploads\/2016\/04\/Screen-Shot-2016-06-28-at-22.18.00_2.jpg)\" >\n\t\t\t\t\t<div class=\"sow-slider-image-container\">\n\t\t\t<div class=\"sow-slider-image-wrapper\">\n\t\t\t\t\t\t\t<\/div>\n\t\t<\/div>\n\t\t\t\t<\/li>\n\t\t<\/ul>\t\t\t\t<ol class=\"sow-slider-pagination\">\n\t\t\t\t\t\t\t\t\t\t\t<li><a href=\"#\" data-goto=\"0\" aria-label=\"display slide 1\"><\/a><\/li>\n\t\t\t\t\t\t\t\t\t<\/ol>\n\n\t\t\t\t<div class=\"sow-slide-nav sow-slide-nav-next\">\n\t\t\t\t\t<a href=\"#\" data-goto=\"next\" aria-label=\"next slide\" data-action=\"next\">\n\t\t\t\t\t\t<em class=\"sow-sld-icon-thin-right\"><\/em>\n\t\t\t\t\t<\/a>\n\t\t\t\t<\/div>\n\n\t\t\t\t<div class=\"sow-slide-nav sow-slide-nav-prev\">\n\t\t\t\t\t<a href=\"#\" data-goto=\"previous\" aria-label=\"previous slide\" data-action=\"prev\">\n\t\t\t\t\t\t<em class=\"sow-sld-icon-thin-left\"><\/em>\n\t\t\t\t\t<\/a>\n\t\t\t\t<\/div>\n\t\t\t\t<\/div><\/div><\/div><\/div><\/div><\/div><div id=\"pg-846-1\"  class=\"panel-grid panel-no-style\" ><div id=\"pgc-846-1-0\"  class=\"panel-grid-cell\" ><div id=\"panel-846-1-0-0\" class=\"so-panel widget widget_sow-editor panel-first-child\" data-index=\"1\" ><div class=\"panel-widget-style panel-widget-style-for-846-1-0-0\" ><div class=\"so-widget-sow-editor so-widget-sow-editor-base\">\n<div class=\"siteorigin-widget-tinymce textwidget\">\n\t<h4 style=\"font-weight: 400; padding-left: 30px; text-align: center;\"><\/h4>\n<h4 style=\"font-weight: 400; text-align: center;\">OUR OIL<\/h4>\n<\/div>\n<\/div><\/div><\/div><div id=\"panel-846-1-0-1\" class=\"so-panel widget widget_sow-editor panel-last-child\" data-index=\"2\" ><div class=\"mobileBlock panel-widget-style panel-widget-style-for-846-1-0-1\" ><div class=\"so-widget-sow-editor so-widget-sow-editor-base\">\n<div class=\"siteorigin-widget-tinymce textwidget\">\n\t<p style=\"text-align: center;\">Our tradition and experience producing extra virgin olive oil allows us to produce an extra virgin olive oil of the <strong>highest quality<\/strong>.<br \/> The olives come from <strong>olive trees in the mountains<\/strong>, most of them are centennial trees, that are located in the Sierra de Algair\u00e9n at an altitude of over <strong>600 meters<\/strong>.\u00a0The cultivation is traditional, not extensive and in the mountains.The olive groves are exposed to extreme weather conditions, which increases the natural antioxidant properties of the olive.<\/p>\n<p>\u00a0<\/p>\n<p style=\"text-align: center;\">The oil is mainly obtained from the variety <strong>arberquina<\/strong>, followed in a lower amount by verdial, royal, \u00a0empeltre, racimillo<br \/> and blanqueta.Due to our experience we can obtain a very stable extra virgin olive oil with excellent physical,<br \/> chemical and organoleptic properties.<\/p>\n<\/div>\n<\/div><\/div><\/div><\/div><\/div><div id=\"pg-846-2\"  class=\"panel-grid panel-has-style\" ><div class=\"panel-row-style panel-row-style-for-846-2\" ><div id=\"pgc-846-2-0\"  class=\"panel-grid-cell\" ><div id=\"panel-846-2-0-0\" class=\"so-panel widget widget_sow-editor panel-first-child panel-last-child\" data-index=\"3\" ><div class=\"mobileBlock panel-widget-style panel-widget-style-for-846-2-0-0\" ><div class=\"so-widget-sow-editor so-widget-sow-editor-base\">\n<div class=\"siteorigin-widget-tinymce textwidget\">\n\t<h4 style=\"font-weight: 400; padding-left: 30px; text-align: center;\">\u00a0<\/h4>\n<h4 style=\"font-weight: 400; text-align: center;\">EVOO CERD\u00c1N PORTOL\u00c9S:<\/h4>\n<\/div>\n<\/div><\/div><\/div><\/div><\/div><\/div><div id=\"pg-846-3\"  class=\"panel-grid panel-no-style\" ><div id=\"pgc-846-3-0\"  class=\"panel-grid-cell\" ><div id=\"panel-846-3-0-0\" class=\"so-panel widget widget_sow-editor panel-first-child panel-last-child\" data-index=\"4\" ><div class=\"mobileBlock panel-widget-style panel-widget-style-for-846-3-0-0\" ><div class=\"so-widget-sow-editor so-widget-sow-editor-base\">\n<div class=\"siteorigin-widget-tinymce textwidget\">\n\t<p style=\"padding-left: 60px; text-align: justify;\">The \"Extra Virgin Olive Oil Cerd\u00e1n Portol\u00e9s\" is a Premium EVOO, which is made with olives grown in our own crop.\u00a0It\u00a0has a mild flavour, fruity and balanced, it distinguishes itself because the taste is rather sweet than spicy and bitter. It is very<strong> fluid, light and very enjoyable<\/strong> to use whether raw or in any culinary preparation. The colour is yellowish green.<\/p>\n<p style=\"padding-left: 60px; text-align: justify;\">Cold extraction.<\/p>\n<p style=\"padding-left: 60px; text-align: justify;\">Available in 500 ml glass bottle and in a 5 liter \u00a0carboy for HORECA sector.<\/p>\n<\/div>\n<\/div><\/div><\/div><\/div><div id=\"pgc-846-3-1\"  class=\"panel-grid-cell\" ><div id=\"panel-846-3-1-0\" class=\"so-panel widget widget_sow-image panel-first-child panel-last-child\" data-index=\"5\" ><div class=\"so-widget-sow-image so-widget-sow-image-default-d6014b76747a\">\n\n<div class=\"sow-image-container\">\n\t<img src=\"http:\/\/cerdanportoles.com\/wp-content\/uploads\/2016\/04\/AOVE_Premium.gif.gif\" width=\"1476\" height=\"1476\" sizes=\"(max-width: 1476px) 100vw, 1476px\" alt=\"\" \t\tclass=\"so-widget-image\"\/>\n<\/div>\n\n<\/div><\/div><\/div><\/div><div id=\"pg-846-4\"  class=\"panel-grid panel-no-style\" ><div id=\"pgc-846-4-0\"  class=\"panel-grid-cell\" ><div id=\"panel-846-4-0-0\" class=\"so-panel widget widget_sow-editor panel-first-child panel-last-child\" data-index=\"6\" ><div class=\"mobileBlock panel-widget-style panel-widget-style-for-846-4-0-0\" ><div class=\"so-widget-sow-editor so-widget-sow-editor-base\">\n<div class=\"siteorigin-widget-tinymce textwidget\">\n\t<h4 style=\"font-weight: 400; padding-left: 30px; text-align: center;\">\u00a0<\/h4>\n<h4 style=\"font-weight: 400; text-align: center;\">EVOO EARLY HARVEST CERD\u00c1N PORTOL\u00c9S:<\/h4>\n<\/div>\n<\/div><\/div><\/div><\/div><\/div><div id=\"pg-846-5\"  class=\"panel-grid panel-no-style\" ><div id=\"pgc-846-5-0\"  class=\"panel-grid-cell\" ><div id=\"panel-846-5-0-0\" class=\"so-panel widget widget_sow-editor panel-first-child panel-last-child\" data-index=\"7\" ><div class=\"mobileBlock panel-widget-style panel-widget-style-for-846-5-0-0\" ><div class=\"so-widget-sow-editor so-widget-sow-editor-base\">\n<div class=\"siteorigin-widget-tinymce textwidget\">\n\t<p style=\"padding-left: 60px; text-align: justify;\">The \"Extra Virgin Olive Oil Early Harvest\" is a Limited Edition Premium EVOO, which is obtained from young olives in our own crop at their perfect stage of ripeness. The olives are harvested still green and some of them in different colours. \u00a0This way we produce a <strong>balanced, aromatic and intensely fruity flavour<\/strong> extra virgin olive oil .\u00a0It is recommended to use this product raw.<\/p>\n<p style=\"padding-left: 60px; text-align: justify;\">Limited Edition numbered bottles<\/p>\n<p style=\"padding-left: 60px; text-align: justify;\">Cold extraction.<\/p>\n<p style=\"padding-left: 60px; text-align: justify;\">Available in 500 ml glass bottle.<\/p>\n<p>\u00a0<\/p>\n<\/div>\n<\/div><\/div><\/div><\/div><div id=\"pgc-846-5-1\"  class=\"panel-grid-cell\" ><div id=\"panel-846-5-1-0\" class=\"so-panel widget widget_sow-image panel-first-child panel-last-child\" data-index=\"8\" ><div class=\"so-widget-sow-image so-widget-sow-image-default-d6014b76747a\">\n\n<div class=\"sow-image-container\">\n\t<img src=\"http:\/\/cerdanportoles.com\/wp-content\/uploads\/2016\/04\/AOVE_Premium_CosechaTemprana.gif.gif\" width=\"1476\" height=\"1476\" sizes=\"(max-width: 1476px) 100vw, 1476px\" alt=\"\" \t\tclass=\"so-widget-image\"\/>\n<\/div>\n\n<\/div><\/div><\/div><\/div><div id=\"pg-846-6\"  class=\"panel-grid panel-no-style\" ><div id=\"pgc-846-6-0\"  class=\"panel-grid-cell\" ><div id=\"panel-846-6-0-0\" class=\"so-panel widget widget_sow-editor panel-first-child panel-last-child\" data-index=\"9\" ><div class=\"mobileBlock panel-widget-style panel-widget-style-for-846-6-0-0\" ><div class=\"so-widget-sow-editor so-widget-sow-editor-base\">\n<div class=\"siteorigin-widget-tinymce textwidget\">\n\t<h4 style=\"font-weight: 400; padding-left: 30px; text-align: center;\">\u00a0<\/h4>\n<h4 style=\"font-weight: 400; text-align: center;\">UNFILTERED EVOO \u00a0CERD\u00c1N PORTOL\u00c9S:<\/h4>\n<\/div>\n<\/div><\/div><\/div><\/div><\/div><div id=\"pg-846-7\"  class=\"panel-grid panel-no-style\" ><div id=\"pgc-846-7-0\"  class=\"panel-grid-cell\" ><div id=\"panel-846-7-0-0\" class=\"so-panel widget widget_sow-editor panel-first-child panel-last-child\" data-index=\"10\" ><div class=\"mobileBlock panel-widget-style panel-widget-style-for-846-7-0-0\" ><div class=\"so-widget-sow-editor so-widget-sow-editor-base\">\n<div class=\"siteorigin-widget-tinymce textwidget\">\n\t<p style=\"padding-left: 60px; text-align: justify;\">The \"Unfiltered Extra Virgin Olive Oil\" is a Premium EVVO also known as \u201cen rama\u201d, it is obtained by the same cold extraction system with natural decantation. The colour is slightly darker because of the micro-particles of the olive pulp. One of its characteristics is the <strong>more intense aroma and the fruity flavour closer to a spicy and bitter flavour<\/strong>. It is only available during the first months of the harvest.\u00a0It is recommended to use this product raw.<\/p>\n<p style=\"padding-left: 60px; text-align: justify;\">Limited numbered bottles.<\/p>\n<p style=\"padding-left: 60px; text-align: justify;\">Cold extraction.<\/p>\n<p style=\"padding-left: 60px; text-align: justify;\">Available in 500 ml glass bottle.<\/p>\n<p>\u00a0<\/p>\n<\/div>\n<\/div><\/div><\/div><\/div><div id=\"pgc-846-7-1\"  class=\"panel-grid-cell\" ><div id=\"panel-846-7-1-0\" class=\"so-panel widget widget_sow-image panel-first-child panel-last-child\" data-index=\"11\" ><div class=\"so-widget-sow-image so-widget-sow-image-default-d6014b76747a\">\n\n<div class=\"sow-image-container\">\n\t<img src=\"http:\/\/cerdanportoles.com\/wp-content\/uploads\/2016\/04\/AOVE_Premium_SinFiltrar.gif.gif\" width=\"1476\" height=\"1476\" sizes=\"(max-width: 1476px) 100vw, 1476px\" alt=\"\" \t\tclass=\"so-widget-image\"\/>\n<\/div>\n\n<\/div><\/div><\/div><\/div><div id=\"pg-846-8\"  class=\"panel-grid panel-no-style\" ><div id=\"pgc-846-8-0\"  class=\"panel-grid-cell\" ><div id=\"panel-846-8-0-0\" class=\"so-panel widget widget_sow-editor panel-first-child panel-last-child\" data-index=\"12\" ><div class=\"mobileBlock panel-widget-style panel-widget-style-for-846-8-0-0\" ><div class=\"so-widget-sow-editor so-widget-sow-editor-base\">\n<div class=\"siteorigin-widget-tinymce textwidget\">\n\t<h4 style=\"font-weight: 400; padding-left: 30px; text-align: center;\"><\/h4>\n<h4 style=\"font-weight: 400; text-align: center;\">CERD\u00c1N PORTOL\u00c9S OIL QUALITY<\/h4>\n<\/div>\n<\/div><\/div><\/div><\/div><\/div><div id=\"pg-846-9\"  class=\"panel-grid panel-no-style\" ><div id=\"pgc-846-9-0\"  class=\"panel-grid-cell\" ><div id=\"panel-846-9-0-0\" class=\"so-panel widget widget_sow-editor panel-first-child panel-last-child\" data-index=\"13\" ><div class=\"mobileBlock panel-widget-style panel-widget-style-for-846-9-0-0\" ><div class=\"so-widget-sow-editor so-widget-sow-editor-base\">\n<div class=\"siteorigin-widget-tinymce textwidget\">\n\t<h4 style=\"font-weight: 400; padding-left: 30px; text-align: center;\">Quality parameters that an olive oil must reach to be<br \/> <span style=\"line-height: 1.5;\">certified with the highest qualification: extra virgin.<\/span><\/h4>\n<\/div>\n<\/div><\/div><\/div><\/div><\/div><div id=\"pg-846-10\"  class=\"panel-grid panel-no-style\" ><div id=\"pgc-846-10-0\"  class=\"panel-grid-cell\" ><div id=\"panel-846-10-0-0\" class=\"so-panel widget widget_sow-editor panel-first-child panel-last-child\" data-index=\"14\" ><div class=\"panel-widget-style panel-widget-style-for-846-10-0-0\" ><div class=\"so-widget-sow-editor so-widget-sow-editor-base\">\n<div class=\"siteorigin-widget-tinymce textwidget\">\n\t<table class=\"table table-cerdan\">\n<tbody>\n<tr>\n<td><span style=\"color: #000000;\">\u00a0<\/span><\/td>\n<td><b>EU-Regulation<\/b><\/td>\n<td><b>Cerd\u00e1n Portol\u00e9s<\/b><\/td>\n<\/tr>\n<tr>\n<td><span style=\"color: #000000;\"><b>Oil acidity<\/b><\/span><\/td>\n<td><span style=\"font-weight: 400; color: #000000;\">&lt; 0,8<\/span><\/td>\n<td><span style=\"font-weight: 400; color: #000000;\">0,17<\/span><\/td>\n<\/tr>\n<tr>\n<td><span style=\"color: #000000;\"><b>Peroxide\u00a0(PNQ017)<\/b><\/span><\/td>\n<td><span style=\"font-weight: 400; color: #000000;\">&lt; 20<\/span><\/td>\n<td><span style=\"font-weight: 400; color: #000000;\">5,3<\/span><\/td>\n<\/tr>\n<tr>\n<td><span style=\"color: #000000;\"><b>K232<\/b><\/span><\/td>\n<td><span style=\"font-weight: 400; color: #000000;\">&lt; 2,5<\/span><\/td>\n<td><span style=\"font-weight: 400; color: #000000;\">1,9<\/span><\/td>\n<\/tr>\n<tr>\n<td><span style=\"color: #000000;\"><b>K270<\/b><\/span><\/td>\n<td><span style=\"font-weight: 400; color: #000000;\">&lt; 0,22<\/span><\/td>\n<td><span style=\"font-weight: 400; color: #000000;\">0,14<\/span><\/td>\n<\/tr>\n<tr>\n<td><span style=\"color: #000000;\"><b>DELTA K<\/b><\/span><\/td>\n<td><span style=\"font-weight: 400; color: #000000;\">&lt; 0,01<\/span><\/td>\n<td><span style=\"font-weight: 400; color: #000000;\">0,01<\/span><\/td>\n<\/tr>\n<tr>\n<td><span style=\"color: #000000;\"><b>Mediana\u00a0of defects<\/b><\/span><\/td>\n<td><span style=\"font-weight: 400; color: #000000;\">= 0<\/span><\/td>\n<td><span style=\"font-weight: 400; color: #000000;\">0<\/span><\/td>\n<\/tr>\n<tr>\n<td><span style=\"color: #000000;\"><b>Median for \"fruity\"<\/b><\/span><\/td>\n<td><span style=\"font-weight: 400; color: #000000;\">&gt; 0<\/span><\/td>\n<td><span style=\"font-weight: 400; color: #000000;\">4,4<\/span><\/td>\n<\/tr>\n<\/tbody>\n<\/table>\n<\/div>\n<\/div><\/div><\/div><\/div><\/div><div id=\"pg-846-11\"  class=\"panel-grid panel-has-style\" ><div class=\"panel-row-style panel-row-style-for-846-11\" ><div id=\"pgc-846-11-0\"  class=\"panel-grid-cell\" ><div id=\"panel-846-11-0-0\" class=\"so-panel widget widget_sow-editor panel-first-child panel-last-child\" data-index=\"15\" ><div class=\"panel-widget-style panel-widget-style-for-846-11-0-0\" ><div class=\"so-widget-sow-editor so-widget-sow-editor-base\">\n<div class=\"siteorigin-widget-tinymce textwidget\">\n\t<p style=\"text-align: left; padding-left: 30px;\">Consult here the results of the quality control analysis.<\/p>\n<p style=\"text-align: left; padding-left: 30px;\">\u2022 <a href=\"http:\/\/cerdanportoles.com\/wp-content\/uploads\/2016\/07\/An\u00e1lisis-f\u00edsico-qu\u00edmico-2016.pdf\"> Physical-chemical analysis <\/a><\/p>\n<p style=\"text-align: left; padding-left: 30px;\">\u2022 <a href=\"http:\/\/cerdanportoles.com\/wp-content\/uploads\/2016\/07\/An\u00e1lisis-organil\u00e9ptico-2016.pdf\">Organoleptic analysis <\/a><\/p>\n<\/div>\n<\/div><\/div><\/div><\/div><\/div><\/div><\/div>","protected":false},"excerpt":{"rendered":"<p>OUR OIL Our tradition and experience producing extra virgin olive oil allows us to produce an extra virgin olive oil of the highest quality. The olives come from olive trees in the mountains, most of them are centennial trees, that are located in the Sierra de Algair\u00e9n at an altitude of over 600 meters.\u00a0The cultivation [&hellip;]<\/p>\n","protected":false},"author":1,"featured_media":0,"parent":0,"menu_order":0,"comment_status":"closed","ping_status":"closed","template":"","meta":[],"_links":{"self":[{"href":"http:\/\/cerdanportoles.com\/en\/wp-json\/wp\/v2\/pages\/846"}],"collection":[{"href":"http:\/\/cerdanportoles.com\/en\/wp-json\/wp\/v2\/pages"}],"about":[{"href":"http:\/\/cerdanportoles.com\/en\/wp-json\/wp\/v2\/types\/page"}],"author":[{"embeddable":true,"href":"http:\/\/cerdanportoles.com\/en\/wp-json\/wp\/v2\/users\/1"}],"replies":[{"embeddable":true,"href":"http:\/\/cerdanportoles.com\/en\/wp-json\/wp\/v2\/comments?post=846"}],"version-history":[{"count":10,"href":"http:\/\/cerdanportoles.com\/en\/wp-json\/wp\/v2\/pages\/846\/revisions"}],"predecessor-version":[{"id":1002,"href":"http:\/\/cerdanportoles.com\/en\/wp-json\/wp\/v2\/pages\/846\/revisions\/1002"}],"wp:attachment":[{"href":"http:\/\/cerdanportoles.com\/en\/wp-json\/wp\/v2\/media?parent=846"}],"curies":[{"name":"wp","href":"https:\/\/api.w.org\/{rel}","templated":true}]}}